{"id":278,"date":"2025-10-22T15:48:28","date_gmt":"2025-10-22T15:48:28","guid":{"rendered":"http:\/\/xperience-event.local\/?post_type=product&#038;p=278"},"modified":"2025-11-21T09:27:13","modified_gmt":"2025-11-21T09:27:13","slug":"casquette-drift-to-the-future","status":"publish","type":"product","link":"https:\/\/xperience-events.com\/en\/product\/casquette-drift-to-the-future\/","title":{"rendered":"Cap DRIFT TO THE FUTURE"},"content":{"rendered":"<p class=\"\" data-start=\"223\" data-end=\"270\"><strong data-start=\"223\" data-end=\"270\">Flat visor. US look. Futuristic attitude.<\/strong><\/p>\n<p class=\"\" data-start=\"272\" data-end=\"480\">The cap.\u00a0<strong data-start=\"285\" data-end=\"310\">\u00ab\u00a0Drift to the Future\u00a0\u00bb<\/strong>\u00a0is your new starting line.<br data-start=\"343\" data-end=\"346\" \/>Inspired by the drift scene, designed as a style statement for those who live the road as a projection into tomorrow.<\/p>\n<ul>\n<li data-start=\"484\" data-end=\"531\"><strong data-start=\"484\" data-end=\"503\">US style.<\/strong>\u00a0with a rigid flat visor<\/li>\n<li data-start=\"484\" data-end=\"531\"><strong data-start=\"534\" data-end=\"561\">High-quality construction<\/strong>, reinforced<\/li>\n<li data-start=\"484\" data-end=\"531\"><strong data-start=\"586\" data-end=\"620\">Embroidery \"Drift to the Future\"<\/strong>\u00a0embossed<\/li>\n<li data-start=\"484\" data-end=\"531\">Adjustable snapback closure \u2013 unisex<\/li>\n<li data-start=\"484\" data-end=\"531\">Color: deep black &amp; contrasting details<\/li>\n<\/ul>","protected":false},"excerpt":{"rendered":"<p>Visi\u00e8re plate. Look US. Attitude futuriste. La casquette\u00a0\u00ab\u00a0Drift to the Future\u00a0\u00bb\u00a0est ta nouvelle ligne de d\u00e9part.Inspir\u00e9e de la sc\u00e8ne drift, pens\u00e9e comme une d\u00e9claration de style pour tous ceux qui&#8230;<\/p>","protected":false},"featured_media":253,"template":"","meta":[],"product_brand":[],"product_cat":[59,38,35],"product_tag":[],"class_list":{"0":"post-278","1":"product","2":"type-product","3":"status-publish","4":"has-post-thumbnail","6":"product_cat-alexandre-claudin","7":"product_cat-casquettes","8":"product_cat-vetements","10":"first","11":"instock","12":"taxable","13":"shipping-taxable","14":"purchasable","15":"product-type-simple"},"jetpack_sharing_enabled":true,"_links":{"self":[{"href":"https:\/\/xperience-events.com\/en\/wp-json\/wp\/v2\/product\/278","targetHints":{"allow":["GET"]}}],"collection":[{"href":"https:\/\/xperience-events.com\/en\/wp-json\/wp\/v2\/product"}],"about":[{"href":"https:\/\/xperience-events.com\/en\/wp-json\/wp\/v2\/types\/product"}],"wp:featuredmedia":[{"embeddable":true,"href":"https:\/\/xperience-events.com\/en\/wp-json\/wp\/v2\/media\/253"}],"wp:attachment":[{"href":"https:\/\/xperience-events.com\/en\/wp-json\/wp\/v2\/media?parent=278"}],"wp:term":[{"taxonomy":"product_brand","embeddable":true,"href":"https:\/\/xperience-events.com\/en\/wp-json\/wp\/v2\/product_brand?post=278"},{"taxonomy":"product_cat","embeddable":true,"href":"https:\/\/xperience-events.com\/en\/wp-json\/wp\/v2\/product_cat?post=278"},{"taxonomy":"product_tag","embeddable":true,"href":"https:\/\/xperience-events.com\/en\/wp-json\/wp\/v2\/product_tag?post=278"}],"curies":[{"name":"wp","href":"https:\/\/api.w.org\/{rel}","templated":true}]}}