{"id":2042,"date":"2026-03-27T08:43:54","date_gmt":"2026-03-27T08:43:54","guid":{"rendered":"https:\/\/xperience-events.com\/?post_type=product&#038;p=2042"},"modified":"2026-04-03T16:16:06","modified_gmt":"2026-04-03T16:16:06","slug":"friday-xperience-expose-ton-vehicule-entree-uniquement","status":"publish","type":"product","link":"https:\/\/xperience-events.com\/en\/product\/friday-xperience-expose-ton-vehicule-entree-uniquement\/","title":{"rendered":"FRIDAY XPERIENCE &#8211; Expose ton v\u00e9hicule &#8211; Entr\u00e9e uniquement"},"content":{"rendered":"<p data-start=\"345\" data-end=\"569\">Le billet exposant vous permet de participer au rassemblement Friday Xperience avec votre v\u00e9hicule dans un cadre insolite en bord de Sa\u00f4ne, lors d\u2019une soir\u00e9e priv\u00e9e entre passionn\u00e9s d\u2019automobile.<\/p>\n<p data-start=\"571\" data-end=\"802\">L\u2019\u00e9v\u00e9nement est volontairement limit\u00e9 \u00e0 30 v\u00e9hicules afin de conserver une ambiance conviviale et qualitative.<\/p>\n<p>Ce billet inclut <strong>uniquement votre entr\u00e9e avec l&rsquo;exposition de votre voiture. (Pour les accompagnateurs, il s&rsquo;agit d&rsquo;une entr\u00e9e accompagnateurs)<\/strong><\/p>\n<p data-start=\"571\" data-end=\"802\">Si vous souhaitez b\u00e9n\u00e9ficier d&rsquo;un shooting photo avec la formule pizza \/ boissons, nous vous invitons \u00e0 opter pour la formule tout inclus.<\/p>\n<p data-start=\"1016\" data-end=\"1094\">Le lieu exact sera communiqu\u00e9 48h avant l\u2019\u00e9v\u00e9nement aux participants inscrits.<\/p>","protected":false},"excerpt":{"rendered":"<p style=\"text-align: left;\">Acc\u00e8s exposant au rassemblement priv\u00e9 Friday Xperience avec votre v\u00e9hicule, dans un lieu insolite en bord de Sa\u00f4ne.<\/p>","protected":false},"featured_media":2027,"template":"","meta":[],"product_brand":[],"product_cat":[75],"product_tag":[],"class_list":{"0":"post-2042","1":"product","2":"type-product","3":"status-publish","4":"has-post-thumbnail","6":"product_cat-friday-xperience","8":"first","9":"outofstock","10":"virtual","11":"taxable","12":"purchasable","13":"product-type-simple"},"jetpack_sharing_enabled":true,"_links":{"self":[{"href":"https:\/\/xperience-events.com\/en\/wp-json\/wp\/v2\/product\/2042","targetHints":{"allow":["GET"]}}],"collection":[{"href":"https:\/\/xperience-events.com\/en\/wp-json\/wp\/v2\/product"}],"about":[{"href":"https:\/\/xperience-events.com\/en\/wp-json\/wp\/v2\/types\/product"}],"wp:featuredmedia":[{"embeddable":true,"href":"https:\/\/xperience-events.com\/en\/wp-json\/wp\/v2\/media\/2027"}],"wp:attachment":[{"href":"https:\/\/xperience-events.com\/en\/wp-json\/wp\/v2\/media?parent=2042"}],"wp:term":[{"taxonomy":"product_brand","embeddable":true,"href":"https:\/\/xperience-events.com\/en\/wp-json\/wp\/v2\/product_brand?post=2042"},{"taxonomy":"product_cat","embeddable":true,"href":"https:\/\/xperience-events.com\/en\/wp-json\/wp\/v2\/product_cat?post=2042"},{"taxonomy":"product_tag","embeddable":true,"href":"https:\/\/xperience-events.com\/en\/wp-json\/wp\/v2\/product_tag?post=2042"}],"curies":[{"name":"wp","href":"https:\/\/api.w.org\/{rel}","templated":true}]}}