{"id":2040,"date":"2026-03-27T08:41:02","date_gmt":"2026-03-27T08:41:02","guid":{"rendered":"https:\/\/xperience-events.com\/?post_type=product&#038;p=2040"},"modified":"2026-04-03T16:15:44","modified_gmt":"2026-04-03T16:15:44","slug":"friday-xperience-accompagnateur-entree-seulement","status":"publish","type":"product","link":"https:\/\/xperience-events.com\/en\/product\/friday-xperience-accompagnateur-entree-seulement\/","title":{"rendered":"FRIDAY XPERIENCE &#8211; Accompagnateur &#8211; entr\u00e9e seulement"},"content":{"rendered":"<p data-start=\"1350\" data-end=\"1628\">Le billet statique permet d\u2019acc\u00e9der au rassemblement priv\u00e9 Friday Xperience en tant qu\u2019accompagnateur. Vous pourrez profiter de la soir\u00e9e dans un lieu insolite en bord de Sa\u00f4ne, au c\u0153ur d\u2019un rassemblement automobile en petit comit\u00e9.<\/p>\n<p data-start=\"1630\" data-end=\"1742\">Votre billet comprend <strong>uniquement l&rsquo;entr\u00e9e\u00a0<\/strong><br \/>\nSur place il n&rsquo;y aura pas de stand snack si vous souhaitez pouvoir consommer nous vous invitons \u00e0 opter pour le billet tout inclus avec boissons et pizza permettant la pr\u00e9-commande.<\/p>","protected":false},"excerpt":{"rendered":"<p style=\"text-align: left;\">Acc\u00e8s accompagnateur au rassemblement priv\u00e9 Friday Xperience dans un lieu insolite en bord de Sa\u00f4ne. Entr\u00e9e uniquement.<\/p>","protected":false},"featured_media":2026,"template":"","meta":[],"product_brand":[],"product_cat":[75],"product_tag":[],"class_list":{"0":"post-2040","1":"product","2":"type-product","3":"status-publish","4":"has-post-thumbnail","6":"product_cat-friday-xperience","8":"first","9":"outofstock","10":"virtual","11":"taxable","12":"purchasable","13":"product-type-simple"},"jetpack_sharing_enabled":true,"_links":{"self":[{"href":"https:\/\/xperience-events.com\/en\/wp-json\/wp\/v2\/product\/2040","targetHints":{"allow":["GET"]}}],"collection":[{"href":"https:\/\/xperience-events.com\/en\/wp-json\/wp\/v2\/product"}],"about":[{"href":"https:\/\/xperience-events.com\/en\/wp-json\/wp\/v2\/types\/product"}],"wp:featuredmedia":[{"embeddable":true,"href":"https:\/\/xperience-events.com\/en\/wp-json\/wp\/v2\/media\/2026"}],"wp:attachment":[{"href":"https:\/\/xperience-events.com\/en\/wp-json\/wp\/v2\/media?parent=2040"}],"wp:term":[{"taxonomy":"product_brand","embeddable":true,"href":"https:\/\/xperience-events.com\/en\/wp-json\/wp\/v2\/product_brand?post=2040"},{"taxonomy":"product_cat","embeddable":true,"href":"https:\/\/xperience-events.com\/en\/wp-json\/wp\/v2\/product_cat?post=2040"},{"taxonomy":"product_tag","embeddable":true,"href":"https:\/\/xperience-events.com\/en\/wp-json\/wp\/v2\/product_tag?post=2040"}],"curies":[{"name":"wp","href":"https:\/\/api.w.org\/{rel}","templated":true}]}}