{"id":1782,"date":"2026-01-12T11:00:41","date_gmt":"2026-01-12T11:00:41","guid":{"rendered":"https:\/\/xperience-events.com\/?post_type=product&#038;p=1782"},"modified":"2026-04-15T13:58:23","modified_gmt":"2026-04-15T13:58:23","slug":"kids-xperience-18-04-2026-_-video-souvenir","status":"publish","type":"product","link":"https:\/\/xperience-events.com\/en\/product\/kids-xperience-18-04-2026-_-video-souvenir\/","title":{"rendered":"Kids Xperience \u2013 18\/04\/2026 _ Vid\u00e9o souvenir"},"content":{"rendered":"","protected":false},"excerpt":{"rendered":"<p data-start=\"511\" data-end=\"576\"><strong data-start=\"511\" data-end=\"574\">Repartez avec un souvenir unique de votre journ\u00e9e<\/strong><\/p>\n<ul>\n<li data-start=\"799\" data-end=\"841\">\n<p data-start=\"801\" data-end=\"841\">\ud83c\udfa5 <strong data-start=\"804\" data-end=\"828\">Option vid\u00e9o roulage : 1 GoPro \u00e0 l&rsquo;int\u00e9rieur + cam\u00e9raman ext\u00e9rieur &#8211; format horizontal<\/strong><\/p>\n<\/li>\n<li data-start=\"842\" data-end=\"897\">\n<p data-start=\"844\" data-end=\"897\">\ud83d\udce9 Livraison : sous 3 jours apr\u00e8s l\u2019\u00e9v\u00e9nement (format num\u00e9rique en t\u00e9l\u00e9chargement)<\/p>\n<\/li>\n<\/ul>","protected":false},"featured_media":1780,"template":"","meta":[],"product_brand":[],"product_cat":[74],"product_tag":[],"class_list":{"0":"post-1782","1":"product","2":"type-product","3":"status-publish","4":"has-post-thumbnail","6":"product_cat-kids-xperience-_-18-04-2026","8":"first","9":"instock","10":"virtual","11":"taxable","12":"purchasable","13":"product-type-simple"},"jetpack_sharing_enabled":true,"_links":{"self":[{"href":"https:\/\/xperience-events.com\/en\/wp-json\/wp\/v2\/product\/1782","targetHints":{"allow":["GET"]}}],"collection":[{"href":"https:\/\/xperience-events.com\/en\/wp-json\/wp\/v2\/product"}],"about":[{"href":"https:\/\/xperience-events.com\/en\/wp-json\/wp\/v2\/types\/product"}],"wp:featuredmedia":[{"embeddable":true,"href":"https:\/\/xperience-events.com\/en\/wp-json\/wp\/v2\/media\/1780"}],"wp:attachment":[{"href":"https:\/\/xperience-events.com\/en\/wp-json\/wp\/v2\/media?parent=1782"}],"wp:term":[{"taxonomy":"product_brand","embeddable":true,"href":"https:\/\/xperience-events.com\/en\/wp-json\/wp\/v2\/product_brand?post=1782"},{"taxonomy":"product_cat","embeddable":true,"href":"https:\/\/xperience-events.com\/en\/wp-json\/wp\/v2\/product_cat?post=1782"},{"taxonomy":"product_tag","embeddable":true,"href":"https:\/\/xperience-events.com\/en\/wp-json\/wp\/v2\/product_tag?post=1782"}],"curies":[{"name":"wp","href":"https:\/\/api.w.org\/{rel}","templated":true}]}}