{"id":1399,"date":"2025-11-25T08:21:31","date_gmt":"2025-11-25T08:21:31","guid":{"rendered":"https:\/\/xperience-events.com\/?page_id=1399"},"modified":"2025-11-25T08:34:59","modified_gmt":"2025-11-25T08:34:59","slug":"join-the-volunteer-team","status":"publish","type":"page","link":"https:\/\/xperience-events.com\/en\/join-the-volunteer-team\/","title":{"rendered":"Join the volunteer team"},"content":{"rendered":"<div id=\"fws_69e044d32ebe5\"  data-column-margin=\"none\" data-midnight=\"light\" data-top-percent=\"6%\" data-bottom-percent=\"12%\"  class=\"wpb_row vc_row-fluid vc_row full-width-section has-row-bg-color  right_padding_15pct left_padding_15pct top_padding_tablet_15pct right_padding_tablet_10pct right_padding_phone_0px left_padding_tablet_10pct left_padding_phone_0px\"  style=\"padding-top: calc(100vw * 0.06); padding-bottom: calc(100vw * 0.12); --row-bg-color: #000000;\"><div class=\"row-bg-wrap\" data-bg-animation=\"none\" data-bg-animation-delay=\"\" data-bg-overlay=\"false\"><div class=\"inner-wrap row-bg-layer\" ><div class=\"row-bg viewport-desktop using-bg-color\"  style=\"background-color: #000000; \"><\/div><\/div><\/div><div class=\"row_col_wrap_12 col span_12 light left\">\n\t<div  class=\"vc_col-sm-12 wpb_column column_container vc_column_container col centered-text no-extra-padding el_spacing_0px inherit_tablet inherit_phone\"  data-padding-pos=\"all\" data-has-bg-color=\"false\" data-bg-color=\"\" data-bg-opacity=\"1\" data-animation=\"\" data-delay=\"0\" >\n\t\t<div class=\"vc_column-inner\" >\n\t\t\t<div class=\"wpb_wrapper\">\n\t\t\t\t<div id=\"fws_69e044d32efe5\" data-midnight=\"\" data-column-margin=\"default\" class=\"wpb_row vc_row-fluid vc_row inner_row  bottom_padding_tablet_10px\"  style=\"padding-bottom: 20px; \"><div class=\"row-bg-wrap\"> <div class=\"row-bg\" ><\/div> <\/div><div class=\"row_col_wrap_12_inner col span_12  left\">\n\t<div  class=\"vc_col-sm-12 wpb_column column_container vc_column_container col child_column has-animation no-extra-padding inherit_tablet inherit_phone\"   data-padding-pos=\"all\" data-has-bg-color=\"false\" data-bg-color=\"\" data-bg-opacity=\"1\" data-animation=\"fade-in-from-bottom\" data-delay=\"0\" >\n\t\t<div class=\"vc_column-inner\" >\n\t\t<div class=\"wpb_wrapper\">\n\t\t\t<div class=\"nectar-split-heading  font_size_9vh\" data-align=\"default\" data-m-align=\"inherit\" data-text-effect=\"default\" data-animation-type=\"line-reveal-by-space\" data-animation-delay=\"0\" data-animation-offset=\"\" data-m-rm-animation=\"\" data-stagger=\"true\" data-custom-font-size=\"true\" style=\"font-size: 9vh; line-height: 9.9vh;\"><h2 >Join the volunteer team!<\/h2><\/div>\n<div class=\"wpb_text_column wpb_content_element\" >\n\t<h6>Do you want to give a helping hand occasionally during our events?<br data-start=\"102\" data-end=\"105\" \/>Whether it\u2019s welcoming the public, assisting with logistics, or contributing to the atmosphere, we\u2019d be delighted to have you with us!<br data-start=\"239\" data-end=\"242\" \/>Just fill out this form.<\/h6>\n<\/div>\n\n\n\n\n\t\t<\/div> \n\t<\/div>\n\t<\/div> \n<\/div><\/div>\n\t\t\t<\/div> \n\t\t<\/div>\n\t<\/div> \n<\/div><\/div>\n\t\t<div id=\"fws_69e044d32f3eb\"  data-column-margin=\"default\" data-midnight=\"dark\"  class=\"wpb_row vc_row-fluid vc_row full-width-section has-row-bg-color\"  style=\"padding-top: 0px; padding-bottom: 0px; --row-bg-color: #111213;\"><div class=\"row-bg-wrap\" data-bg-animation=\"none\" data-bg-animation-delay=\"\" data-bg-overlay=\"false\"><div class=\"inner-wrap row-bg-layer\" ><div class=\"row-bg viewport-desktop using-bg-color\"  style=\"background-color: #111213; \"><\/div><\/div><\/div><div class=\"row_col_wrap_12 col span_12 dark left\">\n\t<div  class=\"vc_col-sm-12 wpb_column column_container vc_column_container col no-extra-padding inherit_tablet inherit_phone\"  data-padding-pos=\"all\" data-has-bg-color=\"false\" data-bg-color=\"\" data-bg-opacity=\"1\" data-animation=\"\" data-delay=\"0\" >\n\t\t<div class=\"vc_column-inner\" >\n\t\t\t<div class=\"wpb_wrapper\">\n\t\t\t\t<div id=\"fws_69e044d32f5bd\" data-midnight=\"\" data-column-margin=\"default\" class=\"wpb_row vc_row-fluid vc_row inner_row  right_padding_0px left_padding_0px translate_y_0px\"  style=\"\"><div class=\"row-bg-wrap\"> <div class=\"row-bg\" ><\/div> <\/div><div class=\"row_col_wrap_12_inner col span_12  left\">\n\t<div style=\"\" class=\"vc_col-sm-12 translate-form wpb_column column_container vc_column_container col child_column padding-5-percent inherit_tablet inherit_phone\"  data-using-bg=\"true\" data-border-radius=\"10px\" data-padding-pos=\"all\" data-has-bg-color=\"true\" data-bg-color=\"#FFFFFF\" data-bg-opacity=\"1\" data-animation=\"\" data-delay=\"0\" >\n\t\t<div class=\"vc_column-inner\" ><div class=\"column-bg-overlay-wrap column-bg-layer\" data-bg-animation=\"none\"><div class=\"column-bg-overlay\" style=\"opacity: 1; background-color: #FFFFFF;\"><\/div><\/div>\n\t\t<div class=\"wpb_wrapper\">\n\t\t\t<style id=\"wpforms-css-vars-1143\">\n\t\t\t\t#wpforms-1143 {\n\t\t\t\t--wpforms-container-padding: 0px;\n--wpforms-container-border-width: 1px;\n--wpforms-container-border-radius: 3px;\n--wpforms-background-color: rgba(0, 0, 0, 0);\n--wpforms-field-size-input-height: 43px;\n--wpforms-field-size-input-spacing: 15px;\n--wpforms-field-size-font-size: 16px;\n--wpforms-field-size-line-height: 19px;\n--wpforms-field-size-padding-h: 14px;\n--wpforms-field-size-checkbox-size: 16px;\n--wpforms-field-size-sublabel-spacing: 5px;\n--wpforms-field-size-icon-size: 1;\n--wpforms-label-size-font-size: 16px;\n--wpforms-label-size-line-height: 19px;\n--wpforms-label-size-sublabel-font-size: 14px;\n--wpforms-label-size-sublabel-line-height: 17px;\n--wpforms-button-size-font-size: 17px;\n--wpforms-button-size-height: 41px;\n--wpforms-button-size-padding-h: 15px;\n--wpforms-button-size-margin-top: 10px;\n--wpforms-container-shadow-size-box-shadow: none;\n\t\t\t}\n\t\t\t<\/style><div class=\"wpforms-container wpforms-container-full wpforms-render-modern\" id=\"wpforms-1143\"><form id=\"wpforms-form-1143\" class=\"wpforms-validate wpforms-form wpforms-ajax-form\" data-formid=\"1143\" method=\"post\" enctype=\"multipart\/form-data\" action=\"\/en\/wp-json\/wp\/v2\/pages\/1399\" data-token=\"4fdbc847e3f8e0597c9caa817f184cbe\" data-token-time=\"1776305363\" data-trp-original-action=\"\/en\/wp-json\/wp\/v2\/pages\/1399\"><noscript class=\"wpforms-error-noscript\">Please enable JavaScript in your browser to complete this form.<\/noscript><div id=\"wpforms-error-noscript\" style=\"display: none;\">Please enable JavaScript in your browser to complete this form.<\/div><div class=\"wpforms-field-container\"><div id=\"wpforms-1143-field_1-container\" class=\"wpforms-field wpforms-field-name\" data-field-id=\"1\"><label class=\"wpforms-field-label\" for=\"wpforms-1143-field_1\">Name and Surname <span class=\"wpforms-required-label\" aria-hidden=\"true\">*<\/span><\/label><input type=\"text\" id=\"wpforms-1143-field_1\" class=\"wpforms-field-large wpforms-field-required\" name=\"wpforms[fields][1]\" aria-errormessage=\"wpforms-1143-field_1-error\" required><\/div><div id=\"wpforms-1143-field_2-container\" class=\"wpforms-field wpforms-field-email form-2-col\" data-field-id=\"2\"><label class=\"wpforms-field-label\" for=\"wpforms-1143-field_2\">E-mail <span class=\"wpforms-required-label\" aria-hidden=\"true\">*<\/span><\/label><input type=\"email\" id=\"wpforms-1143-field_2\" class=\"wpforms-field-large wpforms-field-required\" name=\"wpforms[fields][2]\" spellcheck=\"false\" aria-errormessage=\"wpforms-1143-field_2-error\" required><\/div><div id=\"wpforms-1143-field_4-container\" class=\"wpforms-field wpforms-field-text form-2-col\" data-field-id=\"4\"><label class=\"wpforms-field-label\" for=\"wpforms-1143-field_4\">T\u00e9l\u00e9phone<\/label><input type=\"text\" id=\"wpforms-1143-field_4\" class=\"wpforms-field-large\" name=\"wpforms[fields][4]\" aria-errormessage=\"wpforms-1143-field_4-error\" ><\/div><div id=\"wpforms-1143-field_5-container\" class=\"wpforms-field wpforms-field-text\" data-field-id=\"5\"><label class=\"wpforms-field-label\" for=\"wpforms-1143-field_5\">Quel(s) \u00e9v\u00e9nement(s) t&#039;int\u00e9resse(nt) ?<\/label><input type=\"text\" id=\"wpforms-1143-field_5\" class=\"wpforms-field-large\" name=\"wpforms[fields][5]\" aria-errormessage=\"wpforms-1143-field_5-error\" ><\/div><div id=\"wpforms-1143-field_6-container\" class=\"wpforms-field wpforms-field-radio\" data-field-id=\"6\"><fieldset><legend class=\"wpforms-field-label\">Parles-tu anglais ?<\/legend><ul id=\"wpforms-1143-field_6\"><li class=\"choice-1 depth-1\"><input type=\"radio\" id=\"wpforms-1143-field_6_1\" name=\"wpforms[fields][6]\" value=\"Oui, couramment\" aria-errormessage=\"wpforms-1143-field_6_1-error\"  ><label class=\"wpforms-field-label-inline\" for=\"wpforms-1143-field_6_1\">Oui, couramment<\/label><\/li><li class=\"choice-2 depth-1\"><input type=\"radio\" id=\"wpforms-1143-field_6_2\" name=\"wpforms[fields][6]\" value=\"Oui, niveau interm\u00e9diaire\" aria-errormessage=\"wpforms-1143-field_6_2-error\"  ><label class=\"wpforms-field-label-inline\" for=\"wpforms-1143-field_6_2\">Oui, niveau interm\u00e9diaire<\/label><\/li><li class=\"choice-3 depth-1\"><input type=\"radio\" id=\"wpforms-1143-field_6_3\" name=\"wpforms[fields][6]\" value=\"Non\" aria-errormessage=\"wpforms-1143-field_6_3-error\"  ><label class=\"wpforms-field-label-inline\" for=\"wpforms-1143-field_6_3\">Non<\/label><\/li><\/ul><\/fieldset><\/div>\t\t<div id=\"wpforms-1143-field_3-container\"\n\t\t\tclass=\"wpforms-field wpforms-field-text\"\n\t\t\tdata-field-type=\"text\"\n\t\t\tdata-field-id=\"3\"\n\t\t\t>\n\t\t\t<label class=\"wpforms-field-label\" for=\"wpforms-1143-field_3\" >Nom en Message<\/label>\n\t\t\t<input type=\"text\" id=\"wpforms-1143-field_3\" class=\"wpforms-field-medium\" name=\"wpforms[fields][3]\" >\n\t\t<\/div>\n\t\t<div id=\"wpforms-1143-field_7-container\" class=\"wpforms-field wpforms-field-radio wpforms-list-inline\" data-field-id=\"7\"><fieldset><legend class=\"wpforms-field-label\">As-tu d\u00e9j\u00e0 particip\u00e9 en tant que volontaire sur un \u00e9v\u00e9nement ?<\/legend><ul id=\"wpforms-1143-field_7\"><li class=\"choice-1 depth-1\"><input type=\"radio\" id=\"wpforms-1143-field_7_1\" name=\"wpforms[fields][7]\" value=\"Oui\" aria-errormessage=\"wpforms-1143-field_7_1-error\"  ><label class=\"wpforms-field-label-inline\" for=\"wpforms-1143-field_7_1\">Oui<\/label><\/li><li class=\"choice-2 depth-1\"><input type=\"radio\" id=\"wpforms-1143-field_7_2\" name=\"wpforms[fields][7]\" value=\"Non\" aria-errormessage=\"wpforms-1143-field_7_2-error\"  ><label class=\"wpforms-field-label-inline\" for=\"wpforms-1143-field_7_2\">Non<\/label><\/li><\/ul><\/fieldset><\/div><div id=\"wpforms-1143-field_8-container\" class=\"wpforms-field wpforms-field-select wpforms-field-select-style-classic\" data-field-id=\"8\"><label class=\"wpforms-field-label\" for=\"wpforms-1143-field_8\">Dans quel type de missions te sens-tu le plus \u00e0 l\u2019aise ?<\/label><select id=\"wpforms-1143-field_8\" class=\"wpforms-field-large\" name=\"wpforms[fields][8]\"><option value=\"Accueil du public, orientation et information\"  class=\"choice-1 depth-1\"  >Accueil du public, orientation et information<\/option><option value=\"Logistique\"  class=\"choice-2 depth-1\"  >Logistique<\/option><option value=\"Animation \/ ambiance\"  class=\"choice-3 depth-1\"  >Animation \/ ambiance<\/option><option value=\"Roulage et s\u00e9curit\u00e9 piste\"  class=\"choice-4 depth-1\"  >Roulage et s\u00e9curit\u00e9 piste<\/option><option value=\"Autre\"  class=\"choice-5 depth-1\"  >Autre<\/option><\/select><div id=\"wpforms-1143-field_8-description\" class=\"wpforms-field-description\">\n\n\n<\/div><\/div><div id=\"wpforms-1143-field_9-container\" class=\"wpforms-field wpforms-field-textarea\" data-field-id=\"9\"><label class=\"wpforms-field-label\" for=\"wpforms-1143-field_9\">Message libre<\/label><textarea id=\"wpforms-1143-field_9\" class=\"wpforms-field-medium\" name=\"wpforms[fields][9]\" placeholder=\"Une pr\u00e9cision, une question ? ...\" aria-errormessage=\"wpforms-1143-field_9-error\" ><\/textarea><\/div><script>\n\t\t\t\t( function() {\n\t\t\t\t\tconst style = document.createElement( 'style' );\n\t\t\t\t\tstyle.appendChild( document.createTextNode( '#wpforms-1143-field_3-container { position: absolute !important; overflow: hidden !important; display: inline !important; height: 1px !important; width: 1px !important; z-index: -1000 !important; padding: 0 !important; } #wpforms-1143-field_3-container input { visibility: hidden; } #wpforms-conversational-form-page #wpforms-1143-field_3-container label { counter-increment: none; }' ) );\n\t\t\t\t\tdocument.head.appendChild( style );\n\t\t\t\t\tdocument.currentScript?.remove();\n\t\t\t\t} )();\n\t\t\t<\/script><\/div><!-- .wpforms-field-container --><div class=\"wpforms-submit-container\" ><input type=\"hidden\" name=\"wpforms[id]\" value=\"1143\"><input type=\"hidden\" name=\"page_title\" value=\"\"><input type=\"hidden\" name=\"page_url\" value=\"https:\/\/xperience-events.com\/en\/wp-json\/wp\/v2\/pages\/1399\"><input type=\"hidden\" name=\"url_referer\" value=\"\"><button type=\"submit\" name=\"wpforms[submit]\" id=\"wpforms-submit-1143\" class=\"wpforms-submit\" data-alt-text=\"Envoi...\" data-submit-text=\"Envoyer\" aria-live=\"assertive\" value=\"wpforms-submit\">Submit<\/button><img decoding=\"async\" data-src=\"https:\/\/xperience-events.com\/wp-content\/plugins\/wpforms-lite\/assets\/images\/submit-spin.svg\" class=\"wpforms-submit-spinner lazyload\" style=\"--smush-placeholder-width: 26px; --smush-placeholder-aspect-ratio: 26\/26;display: none;\" width=\"26\" height=\"26\" alt=\"Loading\" src=\"data:image\/svg+xml;base64,PHN2ZyB3aWR0aD0iMSIgaGVpZ2h0PSIxIiB4bWxucz0iaHR0cDovL3d3dy53My5vcmcvMjAwMC9zdmciPjwvc3ZnPg==\"><\/div><input type=\"hidden\" name=\"trp-form-language\" value=\"en\"\/><\/form><\/div>  <!-- .wpforms-container -->\n\t\t<\/div> \n\t<\/div>\n\t<\/div> \n<\/div><\/div>\n\t\t\t<\/div> \n\t\t<\/div>\n\t<\/div> \n<\/div><\/div>","protected":false},"excerpt":{"rendered":"Join the volunteer team! Do you want to give a helping hand occasionally during our events?Whether it\u2019s welcoming the public, assisting with logistics, or contributing to the atmosphere, we\u2019d be...","protected":false},"author":2,"featured_media":0,"parent":0,"menu_order":0,"comment_status":"closed","ping_status":"closed","template":"","meta":{"footnotes":""},"class_list":["post-1399","page","type-page","status-publish"],"jetpack_sharing_enabled":true,"_links":{"self":[{"href":"https:\/\/xperience-events.com\/en\/wp-json\/wp\/v2\/pages\/1399","targetHints":{"allow":["GET"]}}],"collection":[{"href":"https:\/\/xperience-events.com\/en\/wp-json\/wp\/v2\/pages"}],"about":[{"href":"https:\/\/xperience-events.com\/en\/wp-json\/wp\/v2\/types\/page"}],"author":[{"embeddable":true,"href":"https:\/\/xperience-events.com\/en\/wp-json\/wp\/v2\/users\/2"}],"replies":[{"embeddable":true,"href":"https:\/\/xperience-events.com\/en\/wp-json\/wp\/v2\/comments?post=1399"}],"version-history":[{"count":5,"href":"https:\/\/xperience-events.com\/en\/wp-json\/wp\/v2\/pages\/1399\/revisions"}],"predecessor-version":[{"id":1414,"href":"https:\/\/xperience-events.com\/en\/wp-json\/wp\/v2\/pages\/1399\/revisions\/1414"}],"wp:attachment":[{"href":"https:\/\/xperience-events.com\/en\/wp-json\/wp\/v2\/media?parent=1399"}],"curies":[{"name":"wp","href":"https:\/\/api.w.org\/{rel}","templated":true}]}}